{"id":14,"date":"2014-06-11T20:08:55","date_gmt":"2014-06-11T20:08:55","guid":{"rendered":"http:\/\/elbgraphik.de\/wordpress\/?page_id=14"},"modified":"2019-04-11T13:56:46","modified_gmt":"2019-04-11T13:56:46","slug":"impressum","status":"publish","type":"page","link":"https:\/\/elbgraphik.de\/wordpress\/impressum\/","title":{"rendered":"Impressum"},"content":{"rendered":"<p><span style=\"color: #000080;\"><span style=\"font-family: Calibri,Calibri; font-size: medium;\"><span style=\"font-family: Calibri,Calibri; font-size: medium;\">Angaben gem\u00e4\u00df \u00a7 5 TMG: <\/span><\/span><\/span><br \/>\n<span style=\"color: #000080; font-family: Calibri,Calibri; font-size: medium;\"> <span style=\"font-family: Calibri,Calibri; font-size: medium;\">bilwiz.de &#8212; k\u00fcnstlerische Gestaltung &#8212; Goebenstr. 38 &#8212; 20253 Hamburg &#8212;\u00a0 vertreten durch: Martina Brauer\u00a0<\/span><\/span><\/p>\n<table dir=\"LTR\" style=\"height: 88px;\" border=\"1\" width=\"1055\" cellspacing=\"0\" cellpadding=\"7\">\n<tbody>\n<tr>\n<td valign=\"TOP\" width=\"17%\" height=\"7\"><span style=\"color: #000080;\"><b><\/b><span style=\"font-size: medium;\"><b>Kontakt:\u00a0<\/b><\/span><\/span><\/td>\n<td valign=\"TOP\" width=\"17%\" height=\"7\">\n<p style=\"text-align: left;\"><span style=\"color: #000080;\"><span style=\"font-family: Calibri,Calibri; font-size: medium;\"><span style=\"font-family: Calibri,Calibri; font-size: medium;\">Telefon<\/span><\/span>:<\/span><\/p>\n<p style=\"text-align: right;\"><span style=\"color: #000080; font-family: Calibri,Calibri; font-size: medium;\"><span style=\"font-family: Calibri,Calibri; font-size: medium;\">0171 1910467 <\/span><\/span><\/p>\n<\/td>\n<td valign=\"TOP\" width=\"17%\" height=\"7\">\n<p style=\"text-align: right;\"><span style=\"color: #000080; font-family: Calibri,Calibri; font-size: medium;\"><span style=\"font-family: Calibri,Calibri; font-size: medium;\">Telefax: <\/span><\/span><\/p>\n<\/td>\n<td valign=\"TOP\" width=\"17%\" height=\"7\"><span style=\"color: #000080; font-family: Calibri,Calibri; font-size: medium;\"><span style=\"font-family: Calibri,Calibri; font-size: medium;\">\u00a0<\/span><\/span><\/p>\n<p style=\"text-align: right;\"><span style=\"color: #000080; font-family: Calibri,Calibri; font-size: medium;\"><span style=\"font-family: Calibri,Calibri; font-size: medium;\">+49 40<br \/>\n18142028\u00a0<\/span><\/span><\/p>\n<\/td>\n<td valign=\"TOP\" width=\"17%\" height=\"7\">\n<p style=\"text-align: right;\"><span style=\"color: #000080; font-family: Calibri,Calibri; font-size: medium;\"><span style=\"font-family: Calibri,Calibri; font-size: medium;\">E-Mail: <\/span><\/span><\/p>\n<\/td>\n<td valign=\"TOP\" width=\"17%\" height=\"7\"><span style=\"color: #000080; font-family: Calibri,Calibri; font-size: medium;\"><span style=\"color: #000080; font-family: Calibri,Calibri; font-size: medium;\"><span style=\"font-family: Calibri,Calibri; font-size: medium;\">mail\u00a0(at) elbgraphik.de<\/span><\/span><\/span><\/td>\n<\/tr>\n<\/tbody>\n<\/table>\n<p><span style=\"color: #000080;\"><span style=\"font-size: medium;\">Wirtschafts-Identifikationsnummer gem\u00e4\u00df \u00a7139 c Abgabenordnung: DE5702541508<br \/>\n<\/span><b><span style=\"font-size: medium;\">Urheberrecht<br \/>\n<\/span><\/b><span style=\"font-family: Calibri,Calibri; font-size: medium;\"><span style=\"font-family: Calibri,Calibri; font-size: medium;\">Die\u00a0auf diesen Seiten\u00a0erstellten Inhalte\u00a0&amp; Werke unterliegen dem deutschen Urheberrecht.<br \/>\nDie Vervielf\u00e4ltigung, Bearbeitung, Verbreitung &amp; jede Art der Verwertung au\u00dferhalb der Grenzen des Urheberrechtes bed\u00fcrfen der schriftlichen Zustimmung des jeweiligen Autors, also mir!<br \/>\nDownloads &amp; Kopien dieser Seite bed\u00fcrfen ebenfalls der schriftlichen Zustimmung meiner Person!<br \/>\nSoweit die Inhalte auf dieser Seite nicht von mir\u00a0erstellt wurden, werden die Urheberrechte Dritter beachtet. Insbesondere werden Inhalte Dritter als solche gekennzeichnet.<br \/>\nSolltet\u00a0Ihr trotzdem auf eine Urheberrechtsverletzung aufmerksam werden, bitte ich um einen entsprechenden Hinweis. Bei Bekanntwerden von Rechtsverletzungen werden derartige Inhalte umgehend entfernt.<br \/>\n<\/span><\/span><b><span style=\"font-size: medium;\">Haftungsausschluss<br \/>\n<\/span><\/b><span style=\"font-family: Calibri,Calibri; font-size: medium;\"><span style=\"font-family: Calibri,Calibri; font-size: medium;\">Die Inhalte meiner Seiten wurden mit gr\u00f6\u00dfter Sorgfalt erstellt. F\u00fcr die Richtigkeit, Vollst\u00e4ndigkeit\u00a0&amp; Aktualit\u00e4t der Inhalte kann ich jedoch keine Gew\u00e4hr \u00fcbernehmen. Als Diensteanbieter bin ich gem\u00e4\u00df \u00a7 7 Abs.1 TMG f\u00fcr eigene Inhalte auf diesen Seiten nach den allgemeinen Gesetzen verantwortlich. Nach \u00a7\u00a7 8 bis 10 TMG bin ich als Diensteanbieter jedoch nicht verpflichtet, \u00fcbermittelte oder gespeicherte fremde Informationen zu \u00fcberwachen oder nach Umst\u00e4nden zu forschen, die auf eine rechtswidrige T\u00e4tigkeit hinweisen. Verpflichtungen zur Entfernung oder Sperrung der Nutzung von Informationen nach den allgemeinen Gesetzen bleiben hiervon unber\u00fchrt. Eine diesbez\u00fcgliche Haftung ist jedoch erst ab dem Zeitpunkt der Kenntnis einer konkreten Rechtsverletzung m\u00f6glich. Bei Bekanntwerden von entsprechenden Rechtsverletzungen werde ich diese Inhalte umgehend entfernen.<br \/>\n<\/span><\/span><b><span style=\"font-size: medium;\">Haftung f\u00fcr Links<br \/>\n<\/span><\/b><span style=\"font-family: Calibri,Calibri; font-size: medium;\"><span style=\"font-family: Calibri,Calibri; font-size: medium;\">Meine Seite\u00a0enth\u00e4lt evtl. Links zu externen Webseiten Dritter, auf deren Inhalte ich keinen Einfluss habe. Deshalb kann ich f\u00fcr diese fremden Inhalte auch keine Gew\u00e4hr \u00fcbernehmen. F\u00fcr die Inhalte der verlinkten Seiten ist stets der jeweilige Anbieter oder Betreiber der Seiten verantwortlich. Die verlinkten Seiten wurden zum Zeitpunkt der Verlinkung auf m\u00f6gliche Rechtsverst\u00f6\u00dfe \u00fcberpr\u00fcft. Rechtswidrige Inhalte waren zum Zeitpunkt der Verlinkung nicht erkennbar. Eine permanente inhaltliche Kontrolle der verlinkten Seiten ist jedoch ohne konkrete Anhaltspunkte einer Rechtsverletzung nicht zumutbar. Bei Bekanntwerden von Rechtsverletzungen werde ich derartige Links umgehend entfernen.<br \/>\n<\/span><\/span><b><span style=\"font-size: medium;\">Datenschutz<br \/>\n<\/span><\/b><span style=\"font-family: Calibri,Calibri; font-size: medium;\"><span style=\"font-family: Calibri,Calibri; font-size: medium;\">Die Nutzung meiner\u00a0Webseite ist in der Regel ohne Angabe personenbezogener Daten m\u00f6glich. Soweit auf\u00a0diesen\u00a0Seiten personenbezogene Daten (beispielsweise Name, Anschrift oder eMail-Adressen) erhoben werden, erfolgt dies, soweit m\u00f6glich, stets auf freiwilliger Basis. Diese Daten werden ohne ausdr\u00fcckliche Zustimmung nicht an Dritte weitergegeben.\u00a0Ich weise darauf hin, dass die Daten\u00fcbertragung im Internet (z.B. bei der Kommunikation per E-Mail) Sicherheitsl\u00fccken aufweisen kann. Ein l\u00fcckenloser Schutz der Daten vor dem Zugriff durch Dritte ist nicht m\u00f6glich. Der Nutzung von im Rahmen der Impressumspflicht ver\u00f6ffentlichten Kontaktdaten durch Dritte zur \u00dcbersendung von nicht ausdr\u00fccklich angeforderter Werbung und Informationsmaterialien wird hiermit ausdr\u00fccklich widersprochen.\u00a0Ich behalte mir\u00a0ausdr\u00fccklich rechtliche Schritte im Falle der unverlangten Zusendung von Werbeinformationen, etwa durch Spam-Mails, vor. <\/span><\/span><\/span><\/p>\n","protected":false},"excerpt":{"rendered":"<p>Angaben gem\u00e4\u00df \u00a7 5 TMG: bilwiz.de &#8212; k\u00fcnstlerische Gestaltung &#8212; Goebenstr. 38 &#8212; 20253 Hamburg &#8212;\u00a0 vertreten durch: Martina Brauer\u00a0 Kontakt:\u00a0 Telefon: 0171 1910467 Telefax: \u00a0 +49 40 18142028\u00a0 E-Mail: mail\u00a0(at) elbgraphik.de Wirtschafts-Identifikationsnummer gem\u00e4\u00df \u00a7139 c Abgabenordnung: DE5702541508 Urheberrecht Die\u00a0auf diesen Seiten\u00a0erstellten Inhalte\u00a0&amp; Werke unterliegen dem deutschen Urheberrecht. Die Vervielf\u00e4ltigung, Bearbeitung, Verbreitung &amp; jede Art &hellip; <\/p>\n<p class=\"link-more\"><a href=\"https:\/\/elbgraphik.de\/wordpress\/impressum\/\" class=\"more-link\"><span class=\"screen-reader-text\">\u201eImpressum\u201c<\/span> weiterlesen<\/a><\/p>\n","protected":false},"author":1,"featured_media":373,"parent":0,"menu_order":0,"comment_status":"open","ping_status":"closed","template":"","meta":{"footnotes":""},"_links":{"self":[{"href":"https:\/\/elbgraphik.de\/wordpress\/wp-json\/wp\/v2\/pages\/14"}],"collection":[{"href":"https:\/\/elbgraphik.de\/wordpress\/wp-json\/wp\/v2\/pages"}],"about":[{"href":"https:\/\/elbgraphik.de\/wordpress\/wp-json\/wp\/v2\/types\/page"}],"author":[{"embeddable":true,"href":"https:\/\/elbgraphik.de\/wordpress\/wp-json\/wp\/v2\/users\/1"}],"replies":[{"embeddable":true,"href":"https:\/\/elbgraphik.de\/wordpress\/wp-json\/wp\/v2\/comments?post=14"}],"version-history":[{"count":15,"href":"https:\/\/elbgraphik.de\/wordpress\/wp-json\/wp\/v2\/pages\/14\/revisions"}],"predecessor-version":[{"id":685,"href":"https:\/\/elbgraphik.de\/wordpress\/wp-json\/wp\/v2\/pages\/14\/revisions\/685"}],"wp:featuredmedia":[{"embeddable":true,"href":"https:\/\/elbgraphik.de\/wordpress\/wp-json\/wp\/v2\/media\/373"}],"wp:attachment":[{"href":"https:\/\/elbgraphik.de\/wordpress\/wp-json\/wp\/v2\/media?parent=14"}],"curies":[{"name":"wp","href":"https:\/\/api.w.org\/{rel}","templated":true}]}}