{"id":2,"date":"2014-05-09T04:35:09","date_gmt":"2014-05-09T04:35:09","guid":{"rendered":"http:\/\/elbgraphik.de\/wordpress\/?page_id=2"},"modified":"2020-02-16T17:24:26","modified_gmt":"2020-02-16T17:24:26","slug":"sample-page","status":"publish","type":"page","link":"https:\/\/elbgraphik.de\/wordpress\/","title":{"rendered":". . . mehr als nur ein Augenblick"},"content":{"rendered":"<p><img loading=\"lazy\" decoding=\"async\" class=\"wp-image-435 aligncenter\" src=\"https:\/\/elbgraphik.de\/wordpress\/wp-content\/uploads\/IMG_0036.jpg\" alt=\"Anfang\" width=\"430\" height=\"479\" srcset=\"https:\/\/elbgraphik.de\/wordpress\/wp-content\/uploads\/IMG_0036.jpg 1171w, https:\/\/elbgraphik.de\/wordpress\/wp-content\/uploads\/IMG_0036-269x300.jpg 269w, https:\/\/elbgraphik.de\/wordpress\/wp-content\/uploads\/IMG_0036-768x855.jpg 768w, https:\/\/elbgraphik.de\/wordpress\/wp-content\/uploads\/IMG_0036-920x1024.jpg 920w\" sizes=\"(max-width: 430px) 100vw, 430px\" \/><\/p>\n<p style=\"text-align: center;\"><img loading=\"lazy\" decoding=\"async\" class=\"aligncenter wp-image-364 size-full\" src=\"https:\/\/elbgraphik.de\/wordpress\/wp-content\/uploads\/elbgraphik.de-Linie.jpg\" alt=\"\" width=\"827\" height=\"138\" srcset=\"https:\/\/elbgraphik.de\/wordpress\/wp-content\/uploads\/elbgraphik.de-Linie.jpg 827w, https:\/\/elbgraphik.de\/wordpress\/wp-content\/uploads\/elbgraphik.de-Linie-300x50.jpg 300w\" sizes=\"(max-width: 706px) 89vw, (max-width: 767px) 82vw, 740px\" \/><\/p>\n<p style=\"text-align: center;\"><span style=\"color: #4b69c4;\">bietet k\u00e4ufliche Bilder \/ Fotos \/ Montagen,\u00a0im Original\u00a0oder\u00a0auch als Leinwanddruck.<br \/>\nEbenso fertige ich aus meinen erstellten Bildern \/ Fotos \/ Montagen gro\u00dfformatige Kalender, die z.B. als Trilogie jeweils ein Vierteljahr\u00a0 im jeweiligen Format pr\u00e4sentieren.<br \/>\nZwecks ver\u00e4nderlicher Raumgestaltung\/ -versch\u00f6nerung k\u00f6nnen meine Produkte gerne auch f\u00fcr einen Zeitraum gemietet werden .<br \/>\n<\/span><\/p>\n<p style=\"text-align: center;\"><span style=\"color: #4b69c4;\">Auch setze ich Schrift k\u00fcnstlerisch um,<\/span><br \/>\n<span style=\"color: #4b69c4;\">versch\u00f6nere Tafeln \/ Karten \/ Flyer\u00a0und weitere Angebote.<\/span><\/p>\n<div id='gallery-1' class='gallery galleryid-2 gallery-columns-3 gallery-size-thumbnail'><figure class='gallery-item'>\n\t\t\t<div class='gallery-icon landscape'>\n\t\t\t\t<img loading=\"lazy\" decoding=\"async\" width=\"150\" height=\"150\" src=\"https:\/\/elbgraphik.de\/wordpress\/wp-content\/uploads\/Gr\u00fc\u00dfchen-Blumenbl\u00e4tter-s-150x150.jpg\" class=\"attachment-thumbnail size-thumbnail\" alt=\"\" sizes=\"100vw\" \/>\n\t\t\t<\/div><\/figure><figure class='gallery-item'>\n\t\t\t<div class='gallery-icon landscape'>\n\t\t\t\t<img loading=\"lazy\" decoding=\"async\" width=\"150\" height=\"150\" src=\"https:\/\/elbgraphik.de\/wordpress\/wp-content\/uploads\/Gl\u00fcck-Blumenbl\u00e4tter-s-150x150.jpg\" class=\"attachment-thumbnail size-thumbnail\" alt=\"\" sizes=\"100vw\" \/>\n\t\t\t<\/div><\/figure><figure class='gallery-item'>\n\t\t\t<div class='gallery-icon landscape'>\n\t\t\t\t<img loading=\"lazy\" decoding=\"async\" width=\"150\" height=\"150\" src=\"https:\/\/elbgraphik.de\/wordpress\/wp-content\/uploads\/Feigling-nit-Blume-s-150x150.jpg\" class=\"attachment-thumbnail size-thumbnail\" alt=\"\" sizes=\"100vw\" \/>\n\t\t\t<\/div><\/figure><figure class='gallery-item'>\n\t\t\t<div class='gallery-icon landscape'>\n\t\t\t\t<img loading=\"lazy\" decoding=\"async\" width=\"150\" height=\"150\" src=\"https:\/\/elbgraphik.de\/wordpress\/wp-content\/uploads\/HH-PferdDonald-s-150x150.jpg\" class=\"attachment-thumbnail size-thumbnail\" alt=\"\" sizes=\"100vw\" \/>\n\t\t\t<\/div><\/figure><figure class='gallery-item'>\n\t\t\t<div class='gallery-icon landscape'>\n\t\t\t\t<img loading=\"lazy\" decoding=\"async\" width=\"150\" height=\"150\" src=\"https:\/\/elbgraphik.de\/wordpress\/wp-content\/uploads\/Kentauren-Blume-s-150x150.jpg\" class=\"attachment-thumbnail size-thumbnail\" alt=\"\" sizes=\"100vw\" \/>\n\t\t\t<\/div><\/figure><figure class='gallery-item'>\n\t\t\t<div class='gallery-icon landscape'>\n\t\t\t\t<img loading=\"lazy\" decoding=\"async\" width=\"150\" height=\"150\" src=\"https:\/\/elbgraphik.de\/wordpress\/wp-content\/uploads\/2014\/05\/HH-Mondschein-150x150.jpg\" class=\"attachment-thumbnail size-thumbnail\" alt=\"\" aria-describedby=\"gallery-1-138\" sizes=\"100vw\" \/>\n\t\t\t<\/div>\n\t\t\t\t<figcaption class='wp-caption-text gallery-caption' id='gallery-1-138'>\n\t\t\t\tHH Mondlicht\n\t\t\t\t<\/figcaption><\/figure><figure class='gallery-item'>\n\t\t\t<div class='gallery-icon landscape'>\n\t\t\t\t<img loading=\"lazy\" decoding=\"async\" width=\"150\" height=\"150\" src=\"https:\/\/elbgraphik.de\/wordpress\/wp-content\/uploads\/Ostseestrand--150x150.jpg\" class=\"attachment-thumbnail size-thumbnail\" alt=\"\" srcset=\"https:\/\/elbgraphik.de\/wordpress\/wp-content\/uploads\/Ostseestrand--150x150.jpg 150w, https:\/\/elbgraphik.de\/wordpress\/wp-content\/uploads\/Ostseestrand--100x100.jpg 100w\" sizes=\"100vw\" \/>\n\t\t\t<\/div><\/figure><figure class='gallery-item'>\n\t\t\t<div class='gallery-icon landscape'>\n\t\t\t\t<img loading=\"lazy\" decoding=\"async\" width=\"150\" height=\"150\" src=\"https:\/\/elbgraphik.de\/wordpress\/wp-content\/uploads\/M\u00f6we-150x150.jpg\" class=\"attachment-thumbnail size-thumbnail\" alt=\"\" srcset=\"https:\/\/elbgraphik.de\/wordpress\/wp-content\/uploads\/M\u00f6we-150x150.jpg 150w, https:\/\/elbgraphik.de\/wordpress\/wp-content\/uploads\/M\u00f6we-100x100.jpg 100w\" sizes=\"100vw\" \/>\n\t\t\t<\/div><\/figure><figure class='gallery-item'>\n\t\t\t<div class='gallery-icon landscape'>\n\t\t\t\t<img loading=\"lazy\" decoding=\"async\" width=\"150\" height=\"150\" src=\"https:\/\/elbgraphik.de\/wordpress\/wp-content\/uploads\/IMG_0912-150x150.jpg\" class=\"attachment-thumbnail size-thumbnail\" alt=\"\" srcset=\"https:\/\/elbgraphik.de\/wordpress\/wp-content\/uploads\/IMG_0912-150x150.jpg 150w, https:\/\/elbgraphik.de\/wordpress\/wp-content\/uploads\/IMG_0912-300x300.jpg 300w, https:\/\/elbgraphik.de\/wordpress\/wp-content\/uploads\/IMG_0912-768x768.jpg 768w, https:\/\/elbgraphik.de\/wordpress\/wp-content\/uploads\/IMG_0912-1024x1024.jpg 1024w, https:\/\/elbgraphik.de\/wordpress\/wp-content\/uploads\/IMG_0912.jpg 2048w\" sizes=\"100vw\" \/>\n\t\t\t<\/div><\/figure>\n\t\t<\/div>\n\n<p style=\"text-align: center;\">\n<p style=\"text-align: center;\"><img loading=\"lazy\" decoding=\"async\" class=\"aligncenter wp-image-191 size-large\" src=\"https:\/\/elbgraphik.de\/wordpress\/wp-content\/uploads\/2014\/05\/Chinagras-mb-1024x721.jpg\" alt=\"\" width=\"604\" height=\"425\" srcset=\"https:\/\/elbgraphik.de\/wordpress\/wp-content\/uploads\/2014\/05\/Chinagras-mb-1024x721.jpg 1024w, https:\/\/elbgraphik.de\/wordpress\/wp-content\/uploads\/2014\/05\/Chinagras-mb-300x211.jpg 300w\" sizes=\"(max-width: 604px) 100vw, 604px\" \/><\/p>\n<div id='gallery-2' class='gallery galleryid-2 gallery-columns-4 gallery-size-thumbnail'><figure class='gallery-item'>\n\t\t\t<div class='gallery-icon landscape'>\n\t\t\t\t<img loading=\"lazy\" decoding=\"async\" width=\"150\" height=\"150\" src=\"https:\/\/elbgraphik.de\/wordpress\/wp-content\/uploads\/2014\/05\/HHer-Fr\u00fchling-150x150.jpg\" class=\"attachment-thumbnail size-thumbnail\" alt=\"\" sizes=\"100vw\" \/>\n\t\t\t<\/div><\/figure><figure class='gallery-item'>\n\t\t\t<div class='gallery-icon landscape'>\n\t\t\t\t<img loading=\"lazy\" decoding=\"async\" width=\"150\" height=\"150\" src=\"https:\/\/elbgraphik.de\/wordpress\/wp-content\/uploads\/2014\/05\/HHer-B\u00e4ume-150x150.jpg\" class=\"attachment-thumbnail size-thumbnail\" alt=\"\" sizes=\"100vw\" \/>\n\t\t\t<\/div><\/figure><figure class='gallery-item'>\n\t\t\t<div class='gallery-icon landscape'>\n\t\t\t\t<img loading=\"lazy\" decoding=\"async\" width=\"150\" height=\"150\" src=\"https:\/\/elbgraphik.de\/wordpress\/wp-content\/uploads\/2014\/05\/Bl\u00e4tterduo-150x150.jpg\" class=\"attachment-thumbnail size-thumbnail\" alt=\"\" sizes=\"100vw\" \/>\n\t\t\t<\/div><\/figure><figure class='gallery-item'>\n\t\t\t<div class='gallery-icon landscape'>\n\t\t\t\t<img loading=\"lazy\" decoding=\"async\" width=\"150\" height=\"150\" src=\"https:\/\/elbgraphik.de\/wordpress\/wp-content\/uploads\/2014\/05\/Muscheln-bunt-mb-150x150.jpg\" class=\"attachment-thumbnail size-thumbnail\" alt=\"\" sizes=\"100vw\" \/>\n\t\t\t<\/div><\/figure>\n\t\t<\/div>\n\n<div id='gallery-3' class='gallery galleryid-2 gallery-columns-4 gallery-size-thumbnail'><figure class='gallery-item'>\n\t\t\t<div class='gallery-icon landscape'>\n\t\t\t\t<img loading=\"lazy\" decoding=\"async\" width=\"150\" height=\"150\" src=\"https:\/\/elbgraphik.de\/wordpress\/wp-content\/uploads\/2014\/05\/Tulpenbildchen-150x150.jpg\" class=\"attachment-thumbnail size-thumbnail\" alt=\"\" sizes=\"100vw\" \/>\n\t\t\t<\/div><\/figure><figure class='gallery-item'>\n\t\t\t<div class='gallery-icon landscape'>\n\t\t\t\t<img loading=\"lazy\" decoding=\"async\" width=\"150\" height=\"150\" src=\"https:\/\/elbgraphik.de\/wordpress\/wp-content\/uploads\/2014\/05\/Tulpen-Vierer-150x150.jpg\" class=\"attachment-thumbnail size-thumbnail\" alt=\"\" sizes=\"100vw\" \/>\n\t\t\t<\/div><\/figure><figure class='gallery-item'>\n\t\t\t<div class='gallery-icon landscape'>\n\t\t\t\t<img loading=\"lazy\" decoding=\"async\" width=\"150\" height=\"150\" src=\"https:\/\/elbgraphik.de\/wordpress\/wp-content\/uploads\/2014\/05\/Tulpenduo-150x150.jpg\" class=\"attachment-thumbnail size-thumbnail\" alt=\"\" sizes=\"100vw\" \/>\n\t\t\t<\/div><\/figure><figure class='gallery-item'>\n\t\t\t<div class='gallery-icon landscape'>\n\t\t\t\t<img loading=\"lazy\" decoding=\"async\" width=\"150\" height=\"150\" src=\"https:\/\/elbgraphik.de\/wordpress\/wp-content\/uploads\/2014\/05\/Tomaten-Zwiebeln-mb-150x150.jpg\" class=\"attachment-thumbnail size-thumbnail\" alt=\"\" sizes=\"100vw\" \/>\n\t\t\t<\/div><\/figure>\n\t\t<\/div>\n\n<div id='gallery-4' class='gallery galleryid-2 gallery-columns-4 gallery-size-thumbnail'><figure class='gallery-item'>\n\t\t\t<div class='gallery-icon landscape'>\n\t\t\t\t<img loading=\"lazy\" decoding=\"async\" width=\"150\" height=\"150\" src=\"https:\/\/elbgraphik.de\/wordpress\/wp-content\/uploads\/IMG_1007-150x150.jpg\" class=\"attachment-thumbnail size-thumbnail\" alt=\"\" sizes=\"100vw\" \/>\n\t\t\t<\/div><\/figure><figure class='gallery-item'>\n\t\t\t<div class='gallery-icon portrait'>\n\t\t\t\t<img loading=\"lazy\" decoding=\"async\" width=\"150\" height=\"150\" src=\"https:\/\/elbgraphik.de\/wordpress\/wp-content\/uploads\/IMG_0957-150x150.png\" class=\"attachment-thumbnail size-thumbnail\" alt=\"\" sizes=\"100vw\" \/>\n\t\t\t<\/div><\/figure><figure class='gallery-item'>\n\t\t\t<div class='gallery-icon landscape'>\n\t\t\t\t<img loading=\"lazy\" decoding=\"async\" width=\"150\" height=\"150\" src=\"https:\/\/elbgraphik.de\/wordpress\/wp-content\/uploads\/IMG_0911-150x150.jpg\" class=\"attachment-thumbnail size-thumbnail\" alt=\"\" srcset=\"https:\/\/elbgraphik.de\/wordpress\/wp-content\/uploads\/IMG_0911-150x150.jpg 150w, https:\/\/elbgraphik.de\/wordpress\/wp-content\/uploads\/IMG_0911-300x300.jpg 300w, https:\/\/elbgraphik.de\/wordpress\/wp-content\/uploads\/IMG_0911-768x768.jpg 768w, https:\/\/elbgraphik.de\/wordpress\/wp-content\/uploads\/IMG_0911-1024x1024.jpg 1024w, https:\/\/elbgraphik.de\/wordpress\/wp-content\/uploads\/IMG_0911.jpg 2048w\" sizes=\"100vw\" \/>\n\t\t\t<\/div><\/figure><figure class='gallery-item'>\n\t\t\t<div class='gallery-icon landscape'>\n\t\t\t\t<img loading=\"lazy\" decoding=\"async\" width=\"150\" height=\"150\" src=\"https:\/\/elbgraphik.de\/wordpress\/wp-content\/uploads\/IMG_0910-150x150.jpg\" class=\"attachment-thumbnail size-thumbnail\" alt=\"\" srcset=\"https:\/\/elbgraphik.de\/wordpress\/wp-content\/uploads\/IMG_0910-150x150.jpg 150w, https:\/\/elbgraphik.de\/wordpress\/wp-content\/uploads\/IMG_0910-300x300.jpg 300w, https:\/\/elbgraphik.de\/wordpress\/wp-content\/uploads\/IMG_0910-768x768.jpg 768w, https:\/\/elbgraphik.de\/wordpress\/wp-content\/uploads\/IMG_0910-1024x1024.jpg 1024w, https:\/\/elbgraphik.de\/wordpress\/wp-content\/uploads\/IMG_0910.jpg 2048w\" sizes=\"100vw\" \/>\n\t\t\t<\/div><\/figure>\n\t\t<\/div>\n\n","protected":false},"excerpt":{"rendered":"<p>bietet k\u00e4ufliche Bilder \/ Fotos \/ Montagen,\u00a0im Original\u00a0oder\u00a0auch als Leinwanddruck. Ebenso fertige ich aus meinen erstellten Bildern \/ Fotos \/ Montagen gro\u00dfformatige Kalender, die z.B. als Trilogie jeweils ein Vierteljahr\u00a0 im jeweiligen Format pr\u00e4sentieren. Zwecks ver\u00e4nderlicher Raumgestaltung\/ -versch\u00f6nerung k\u00f6nnen meine Produkte gerne auch f\u00fcr einen Zeitraum gemietet werden . Auch setze ich Schrift k\u00fcnstlerisch um, &hellip; <\/p>\n<p class=\"link-more\"><a href=\"https:\/\/elbgraphik.de\/wordpress\/\" class=\"more-link\"><span class=\"screen-reader-text\">\u201e. . . mehr als nur ein Augenblick\u201c<\/span> weiterlesen<\/a><\/p>\n","protected":false},"author":1,"featured_media":0,"parent":0,"menu_order":0,"comment_status":"open","ping_status":"closed","template":"","meta":{"footnotes":""},"_links":{"self":[{"href":"https:\/\/elbgraphik.de\/wordpress\/wp-json\/wp\/v2\/pages\/2"}],"collection":[{"href":"https:\/\/elbgraphik.de\/wordpress\/wp-json\/wp\/v2\/pages"}],"about":[{"href":"https:\/\/elbgraphik.de\/wordpress\/wp-json\/wp\/v2\/types\/page"}],"author":[{"embeddable":true,"href":"https:\/\/elbgraphik.de\/wordpress\/wp-json\/wp\/v2\/users\/1"}],"replies":[{"embeddable":true,"href":"https:\/\/elbgraphik.de\/wordpress\/wp-json\/wp\/v2\/comments?post=2"}],"version-history":[{"count":67,"href":"https:\/\/elbgraphik.de\/wordpress\/wp-json\/wp\/v2\/pages\/2\/revisions"}],"predecessor-version":[{"id":747,"href":"https:\/\/elbgraphik.de\/wordpress\/wp-json\/wp\/v2\/pages\/2\/revisions\/747"}],"wp:attachment":[{"href":"https:\/\/elbgraphik.de\/wordpress\/wp-json\/wp\/v2\/media?parent=2"}],"curies":[{"name":"wp","href":"https:\/\/api.w.org\/{rel}","templated":true}]}}