{"id":289,"date":"2014-12-06T01:30:25","date_gmt":"2014-12-06T01:30:25","guid":{"rendered":"http:\/\/elbgraphik.de\/?page_id=289"},"modified":"2023-01-06T20:47:56","modified_gmt":"2023-01-06T20:47:56","slug":"verantwortung","status":"publish","type":"page","link":"https:\/\/elbgraphik.de\/wordpress\/verantwortung\/","title":{"rendered":"Die Erde braucht Freunde!"},"content":{"rendered":"<h5 style=\"text-align: center;\"><span style=\"color: #000080;\">Ich w\u00e4re so gerne der Anwalt der ach so sch\u00f6nen Erde<\/span><br \/>\n<span style=\"color: #000080;\">gegen die Ausnutzung durch diese finanzgeile Herde,<\/span><br \/>\n<span style=\"color: #000080;\">w\u00fcrde gerne Achtsamkeit &#8211; Fairness &#8211; Gerechtigkeit<\/span><br \/>\n<span style=\"color: #000080;\">machen zur Pflicht f\u00fcr ALLE in dieser Zeit,<\/span><br \/>\n<span style=\"color: #000080;\">das ALLE erkennen wie wichtig ist der Planet,<\/span><br \/>\n<span style=\"color: #000080;\">weil ohne ihn essen &amp; leben nicht geht!<\/span><br \/>\n<span style=\"color: #000080;\">Deswegen sollten wir uns zu \u00e4ndern beeilen,<\/span><br \/>\n<span style=\"color: #000080;\">sonst k\u00f6nnen wir bald in Finsternis verweilen!<\/span><br \/>\n<span style=\"color: #000080;\">Die Erde kommt ohne uns viel besser zurecht,<\/span><br \/>\n<span style=\"color: #000080;\">ohne uns geht es ihr dann nicht mehr schlecht!<\/span><br \/>\n<span style=\"color: #000080;\">Sie w\u00fcrde bl\u00fchen und sprie\u00dfen und wild leben,<\/span><br \/>\n<span style=\"color: #000080;\">sie hat auch uns bisher ein sch\u00f6nes Leben gegeben,<\/span><br \/>\n<span style=\"color: #000080;\">das k\u00f6nnte noch ewig so herrlich weitergehen,<\/span><br \/>\n<span style=\"color: #000080;\">w\u00fcrden wir die Natur nur leben &amp; verstehen!<\/span><\/h5>\n<h1 style=\"text-align: center;\"><strong><span style=\"color: #3366ff;\">A l s o ?\u00a0 \u00a0 \u00a0 \u00a0 \u00a0 \u00a0 <\/span><\/strong><span style=\"color: #000080;\"><strong><span style=\"font-family: Consolas;\">M i t m a c h e n !<br \/>\nWann, wenn nicht jetzt?<\/span><\/strong><\/span><\/h1>\n<figure id=\"attachment_222\" aria-describedby=\"caption-attachment-222\" style=\"width: 2480px\" class=\"wp-caption aligncenter\"><img loading=\"lazy\" decoding=\"async\" class=\"size-full wp-image-222\" src=\"https:\/\/elbgraphik.de\/wordpress\/wp-content\/uploads\/2014\/05\/Muuh-mb.jpg\" alt=\"\" width=\"2480\" height=\"1748\" srcset=\"https:\/\/elbgraphik.de\/wordpress\/wp-content\/uploads\/2014\/05\/Muuh-mb.jpg 2480w, https:\/\/elbgraphik.de\/wordpress\/wp-content\/uploads\/2014\/05\/Muuh-mb-300x211.jpg 300w, https:\/\/elbgraphik.de\/wordpress\/wp-content\/uploads\/2014\/05\/Muuh-mb-1024x721.jpg 1024w\" sizes=\"(max-width: 706px) 89vw, (max-width: 767px) 82vw, 740px\" \/><figcaption id=\"caption-attachment-222\" class=\"wp-caption-text\">Muuuh<\/figcaption><\/figure>\n","protected":false},"excerpt":{"rendered":"<p>Ich w\u00e4re so gerne der Anwalt der ach so sch\u00f6nen Erde gegen die Ausnutzung durch diese finanzgeile Herde, w\u00fcrde gerne Achtsamkeit &#8211; Fairness &#8211; Gerechtigkeit machen zur Pflicht f\u00fcr ALLE in dieser Zeit, das ALLE erkennen wie wichtig ist der Planet, weil ohne ihn essen &amp; leben nicht geht! Deswegen sollten wir uns zu \u00e4ndern &hellip; <\/p>\n<p class=\"link-more\"><a href=\"https:\/\/elbgraphik.de\/wordpress\/verantwortung\/\" class=\"more-link\"><span class=\"screen-reader-text\">\u201eDie Erde braucht Freunde!\u201c<\/span> weiterlesen<\/a><\/p>\n","protected":false},"author":1,"featured_media":344,"parent":0,"menu_order":0,"comment_status":"closed","ping_status":"closed","template":"","meta":{"footnotes":""},"_links":{"self":[{"href":"https:\/\/elbgraphik.de\/wordpress\/wp-json\/wp\/v2\/pages\/289"}],"collection":[{"href":"https:\/\/elbgraphik.de\/wordpress\/wp-json\/wp\/v2\/pages"}],"about":[{"href":"https:\/\/elbgraphik.de\/wordpress\/wp-json\/wp\/v2\/types\/page"}],"author":[{"embeddable":true,"href":"https:\/\/elbgraphik.de\/wordpress\/wp-json\/wp\/v2\/users\/1"}],"replies":[{"embeddable":true,"href":"https:\/\/elbgraphik.de\/wordpress\/wp-json\/wp\/v2\/comments?post=289"}],"version-history":[{"count":33,"href":"https:\/\/elbgraphik.de\/wordpress\/wp-json\/wp\/v2\/pages\/289\/revisions"}],"predecessor-version":[{"id":809,"href":"https:\/\/elbgraphik.de\/wordpress\/wp-json\/wp\/v2\/pages\/289\/revisions\/809"}],"wp:featuredmedia":[{"embeddable":true,"href":"https:\/\/elbgraphik.de\/wordpress\/wp-json\/wp\/v2\/media\/344"}],"wp:attachment":[{"href":"https:\/\/elbgraphik.de\/wordpress\/wp-json\/wp\/v2\/media?parent=289"}],"curies":[{"name":"wp","href":"https:\/\/api.w.org\/{rel}","templated":true}]}}