{"id":47,"date":"2014-07-02T23:28:17","date_gmt":"2014-07-02T23:28:17","guid":{"rendered":"http:\/\/elbgraphik.de\/wordpress\/?page_id=47"},"modified":"2019-04-11T16:12:20","modified_gmt":"2019-04-11T16:12:20","slug":"postcards","status":"publish","type":"page","link":"https:\/\/elbgraphik.de\/wordpress\/postcards\/","title":{"rendered":"Bilderbuchkartengr\u00fc\u00dfe&#8230;"},"content":{"rendered":"<h6 style=\"text-align: center;\"><span style=\"color: #003366;\">Es gibt eine begrenzte Auflage von 100 St\u00fcck.<\/span><br \/>\n<span style=\"color: #003366;\">Die Postkarten sind auf 300 gr. starkem Papier gedruckt<br \/>\n<\/span><span style=\"color: #003366;\">&amp; beidseitig gestaltet.<\/span><br \/>\n<span style=\"color: #003366;\">Eine Postkarte kostet 1,70\u20ac<\/span><br \/>\n<span style=\"color: #003366;\">Mindestbestellwert 15,00\u20ac zzgl. Porto\/Versand 5,00\u20ac<br \/>\nSelbstverst\u00e4ndlich k\u00f6nnen die Postkarten auch abgeholt werden.<br \/>\n<\/span><\/h6>\n<div id='gallery-1' class='gallery galleryid-47 gallery-columns-2 gallery-size-medium'><figure class='gallery-item'>\n\t\t\t<div class='gallery-icon landscape'>\n\t\t\t\t<img loading=\"lazy\" decoding=\"async\" width=\"300\" height=\"229\" src=\"https:\/\/elbgraphik.de\/wordpress\/wp-content\/uploads\/2014\/07\/Moin-Moin-Waterkant-300x229.jpg\" class=\"attachment-medium size-medium\" alt=\"\" aria-describedby=\"gallery-1-58\" srcset=\"https:\/\/elbgraphik.de\/wordpress\/wp-content\/uploads\/2014\/07\/Moin-Moin-Waterkant-300x229.jpg 300w, https:\/\/elbgraphik.de\/wordpress\/wp-content\/uploads\/2014\/07\/Moin-Moin-Waterkant-1024x782.jpg 1024w, https:\/\/elbgraphik.de\/wordpress\/wp-content\/uploads\/2014\/07\/Moin-Moin-Waterkant-1560x1192.jpg 1560w\" sizes=\"100vw\" \/>\n\t\t\t<\/div>\n\t\t\t\t<figcaption class='wp-caption-text gallery-caption' id='gallery-1-58'>\n\t\t\t\tMoin Moin von der Waterkant\n\t\t\t\t<\/figcaption><\/figure><figure class='gallery-item'>\n\t\t\t<div class='gallery-icon landscape'>\n\t\t\t\t<img loading=\"lazy\" decoding=\"async\" width=\"300\" height=\"210\" src=\"https:\/\/elbgraphik.de\/wordpress\/wp-content\/uploads\/Postkarte-HH-MoinMoin-300x210.jpg\" class=\"attachment-medium size-medium\" alt=\"\" aria-describedby=\"gallery-1-727\" srcset=\"https:\/\/elbgraphik.de\/wordpress\/wp-content\/uploads\/Postkarte-HH-MoinMoin-300x210.jpg 300w, https:\/\/elbgraphik.de\/wordpress\/wp-content\/uploads\/Postkarte-HH-MoinMoin-768x539.jpg 768w, https:\/\/elbgraphik.de\/wordpress\/wp-content\/uploads\/Postkarte-HH-MoinMoin-1024x718.jpg 1024w\" sizes=\"100vw\" \/>\n\t\t\t<\/div>\n\t\t\t\t<figcaption class='wp-caption-text gallery-caption' id='gallery-1-727'>\n\t\t\t\tMoin-Moin\n\t\t\t\t<\/figcaption><\/figure><figure class='gallery-item'>\n\t\t\t<div class='gallery-icon landscape'>\n\t\t\t\t<img loading=\"lazy\" decoding=\"async\" width=\"300\" height=\"210\" src=\"https:\/\/elbgraphik.de\/wordpress\/wp-content\/uploads\/Postkarte-HH-Kentauren-300x210.jpg\" class=\"attachment-medium size-medium\" alt=\"\" aria-describedby=\"gallery-1-736\" srcset=\"https:\/\/elbgraphik.de\/wordpress\/wp-content\/uploads\/Postkarte-HH-Kentauren-300x210.jpg 300w, https:\/\/elbgraphik.de\/wordpress\/wp-content\/uploads\/Postkarte-HH-Kentauren-768x539.jpg 768w, https:\/\/elbgraphik.de\/wordpress\/wp-content\/uploads\/Postkarte-HH-Kentauren-1024x718.jpg 1024w\" sizes=\"100vw\" \/>\n\t\t\t<\/div>\n\t\t\t\t<figcaption class='wp-caption-text gallery-caption' id='gallery-1-736'>\n\t\t\t\tGr\u00fc\u00dfe HH Kentauren\n\t\t\t\t<\/figcaption><\/figure><figure class='gallery-item'>\n\t\t\t<div class='gallery-icon landscape'>\n\t\t\t\t<img loading=\"lazy\" decoding=\"async\" width=\"300\" height=\"214\" src=\"https:\/\/elbgraphik.de\/wordpress\/wp-content\/uploads\/HHGr\u00fc\u00dfe2-1-300x214.jpg\" class=\"attachment-medium size-medium\" alt=\"\" aria-describedby=\"gallery-1-709\" srcset=\"https:\/\/elbgraphik.de\/wordpress\/wp-content\/uploads\/HHGr\u00fc\u00dfe2-1-300x214.jpg 300w, https:\/\/elbgraphik.de\/wordpress\/wp-content\/uploads\/HHGr\u00fc\u00dfe2-1-768x548.jpg 768w, https:\/\/elbgraphik.de\/wordpress\/wp-content\/uploads\/HHGr\u00fc\u00dfe2-1-1024x730.jpg 1024w, https:\/\/elbgraphik.de\/wordpress\/wp-content\/uploads\/HHGr\u00fc\u00dfe2-1.jpg 1772w\" sizes=\"100vw\" \/>\n\t\t\t<\/div>\n\t\t\t\t<figcaption class='wp-caption-text gallery-caption' id='gallery-1-709'>\n\t\t\t\tHamburggrruesse\n\t\t\t\t<\/figcaption><\/figure><figure class='gallery-item'>\n\t\t\t<div class='gallery-icon landscape'>\n\t\t\t\t<img loading=\"lazy\" decoding=\"async\" width=\"300\" height=\"215\" src=\"https:\/\/elbgraphik.de\/wordpress\/wp-content\/uploads\/2014\/07\/HH-70x100-s-300x215.jpg\" class=\"attachment-medium size-medium\" alt=\"\" aria-describedby=\"gallery-1-53\" srcset=\"https:\/\/elbgraphik.de\/wordpress\/wp-content\/uploads\/2014\/07\/HH-70x100-s-300x215.jpg 300w, https:\/\/elbgraphik.de\/wordpress\/wp-content\/uploads\/2014\/07\/HH-70x100-s-1024x734.jpg 1024w, https:\/\/elbgraphik.de\/wordpress\/wp-content\/uploads\/2014\/07\/HH-70x100-s-1560x1118.jpg 1560w\" sizes=\"100vw\" \/>\n\t\t\t<\/div>\n\t\t\t\t<figcaption class='wp-caption-text gallery-caption' id='gallery-1-53'>\n\t\t\t\tHH gespiegelt\n\t\t\t\t<\/figcaption><\/figure><figure class='gallery-item'>\n\t\t\t<div class='gallery-icon landscape'>\n\t\t\t\t<img loading=\"lazy\" decoding=\"async\" width=\"300\" height=\"213\" src=\"https:\/\/elbgraphik.de\/wordpress\/wp-content\/uploads\/2014\/07\/800mioGru\u00df-300x213.jpg\" class=\"attachment-medium size-medium\" alt=\"\" aria-describedby=\"gallery-1-48\" srcset=\"https:\/\/elbgraphik.de\/wordpress\/wp-content\/uploads\/2014\/07\/800mioGru\u00df-300x213.jpg 300w, https:\/\/elbgraphik.de\/wordpress\/wp-content\/uploads\/2014\/07\/800mioGru\u00df-1024x730.jpg 1024w, https:\/\/elbgraphik.de\/wordpress\/wp-content\/uploads\/2014\/07\/800mioGru\u00df-1560x1112.jpg 1560w, https:\/\/elbgraphik.de\/wordpress\/wp-content\/uploads\/2014\/07\/800mioGru\u00df.jpg 1772w\" sizes=\"100vw\" \/>\n\t\t\t<\/div>\n\t\t\t\t<figcaption class='wp-caption-text gallery-caption' id='gallery-1-48'>\n\t\t\t\t300 Mio Gr\u00fc\u00dfe\n\t\t\t\t<\/figcaption><\/figure><figure class='gallery-item'>\n\t\t\t<div class='gallery-icon landscape'>\n\t\t\t\t<img loading=\"lazy\" decoding=\"async\" width=\"300\" height=\"177\" src=\"https:\/\/elbgraphik.de\/wordpress\/wp-content\/uploads\/2014\/07\/HH-ist-ein-sch\u00f6nes-2-s-300x177.jpg\" class=\"attachment-medium size-medium\" alt=\"\" aria-describedby=\"gallery-1-54\" srcset=\"https:\/\/elbgraphik.de\/wordpress\/wp-content\/uploads\/2014\/07\/HH-ist-ein-sch\u00f6nes-2-s-300x177.jpg 300w, https:\/\/elbgraphik.de\/wordpress\/wp-content\/uploads\/2014\/07\/HH-ist-ein-sch\u00f6nes-2-s-1024x604.jpg 1024w, https:\/\/elbgraphik.de\/wordpress\/wp-content\/uploads\/2014\/07\/HH-ist-ein-sch\u00f6nes-2-s-1560x920.jpg 1560w\" sizes=\"100vw\" \/>\n\t\t\t<\/div>\n\t\t\t\t<figcaption class='wp-caption-text gallery-caption' id='gallery-1-54'>\n\t\t\t\tHH ist ein sch\u00f6nes St\u00fcck Land\n\t\t\t\t<\/figcaption><\/figure><figure class='gallery-item'>\n\t\t\t<div class='gallery-icon landscape'>\n\t\t\t\t<img loading=\"lazy\" decoding=\"async\" width=\"300\" height=\"175\" src=\"https:\/\/elbgraphik.de\/wordpress\/wp-content\/uploads\/2014\/07\/Hummel-Hummel-s-300x175.jpg\" class=\"attachment-medium size-medium\" alt=\"\" aria-describedby=\"gallery-1-55\" srcset=\"https:\/\/elbgraphik.de\/wordpress\/wp-content\/uploads\/2014\/07\/Hummel-Hummel-s-300x175.jpg 300w, https:\/\/elbgraphik.de\/wordpress\/wp-content\/uploads\/2014\/07\/Hummel-Hummel-s-1024x599.jpg 1024w, https:\/\/elbgraphik.de\/wordpress\/wp-content\/uploads\/2014\/07\/Hummel-Hummel-s-1560x913.jpg 1560w\" sizes=\"100vw\" \/>\n\t\t\t<\/div>\n\t\t\t\t<figcaption class='wp-caption-text gallery-caption' id='gallery-1-55'>\n\t\t\t\tHummel Hummel\n\t\t\t\t<\/figcaption><\/figure><figure class='gallery-item'>\n\t\t\t<div class='gallery-icon landscape'>\n\t\t\t\t<img loading=\"lazy\" decoding=\"async\" width=\"300\" height=\"205\" src=\"https:\/\/elbgraphik.de\/wordpress\/wp-content\/uploads\/2014\/07\/Hallo-s-300x205.jpg\" class=\"attachment-medium size-medium\" alt=\"\" aria-describedby=\"gallery-1-52\" srcset=\"https:\/\/elbgraphik.de\/wordpress\/wp-content\/uploads\/2014\/07\/Hallo-s-300x205.jpg 300w, https:\/\/elbgraphik.de\/wordpress\/wp-content\/uploads\/2014\/07\/Hallo-s-1024x701.jpg 1024w, https:\/\/elbgraphik.de\/wordpress\/wp-content\/uploads\/2014\/07\/Hallo-s-1560x1068.jpg 1560w\" sizes=\"100vw\" \/>\n\t\t\t<\/div>\n\t\t\t\t<figcaption class='wp-caption-text gallery-caption' id='gallery-1-52'>\n\t\t\t\tHallo\n\t\t\t\t<\/figcaption><\/figure><figure class='gallery-item'>\n\t\t\t<div class='gallery-icon landscape'>\n\t\t\t\t<img loading=\"lazy\" decoding=\"async\" width=\"300\" height=\"169\" src=\"https:\/\/elbgraphik.de\/wordpress\/wp-content\/uploads\/2014\/07\/Ahoi-300x169.jpg\" class=\"attachment-medium size-medium\" alt=\"\" aria-describedby=\"gallery-1-49\" srcset=\"https:\/\/elbgraphik.de\/wordpress\/wp-content\/uploads\/2014\/07\/Ahoi-300x169.jpg 300w, https:\/\/elbgraphik.de\/wordpress\/wp-content\/uploads\/2014\/07\/Ahoi-1024x579.jpg 1024w, https:\/\/elbgraphik.de\/wordpress\/wp-content\/uploads\/2014\/07\/Ahoi-1560x883.jpg 1560w\" sizes=\"100vw\" \/>\n\t\t\t<\/div>\n\t\t\t\t<figcaption class='wp-caption-text gallery-caption' id='gallery-1-49'>\n\t\t\t\tAhoi\n\t\t\t\t<\/figcaption><\/figure><figure class='gallery-item'>\n\t\t\t<div class='gallery-icon landscape'>\n\t\t\t\t<img loading=\"lazy\" decoding=\"async\" width=\"300\" height=\"169\" src=\"https:\/\/elbgraphik.de\/wordpress\/wp-content\/uploads\/2014\/07\/in-der-Ruhe-300x169.jpg\" class=\"attachment-medium size-medium\" alt=\"\" aria-describedby=\"gallery-1-56\" srcset=\"https:\/\/elbgraphik.de\/wordpress\/wp-content\/uploads\/2014\/07\/in-der-Ruhe-300x169.jpg 300w, https:\/\/elbgraphik.de\/wordpress\/wp-content\/uploads\/2014\/07\/in-der-Ruhe-1024x579.jpg 1024w, https:\/\/elbgraphik.de\/wordpress\/wp-content\/uploads\/2014\/07\/in-der-Ruhe-1560x883.jpg 1560w\" sizes=\"100vw\" \/>\n\t\t\t<\/div>\n\t\t\t\t<figcaption class='wp-caption-text gallery-caption' id='gallery-1-56'>\n\t\t\t\tIn der Ruhe\n\t\t\t\t<\/figcaption><\/figure><figure class='gallery-item'>\n\t\t\t<div class='gallery-icon landscape'>\n\t\t\t\t<img loading=\"lazy\" decoding=\"async\" width=\"300\" height=\"206\" src=\"https:\/\/elbgraphik.de\/wordpress\/wp-content\/uploads\/2014\/07\/Moin-Moin-Ostsee-s-300x206.jpg\" class=\"attachment-medium size-medium\" alt=\"\" aria-describedby=\"gallery-1-57\" srcset=\"https:\/\/elbgraphik.de\/wordpress\/wp-content\/uploads\/2014\/07\/Moin-Moin-Ostsee-s-300x206.jpg 300w, https:\/\/elbgraphik.de\/wordpress\/wp-content\/uploads\/2014\/07\/Moin-Moin-Ostsee-s-1024x704.jpg 1024w, https:\/\/elbgraphik.de\/wordpress\/wp-content\/uploads\/2014\/07\/Moin-Moin-Ostsee-s-1560x1072.jpg 1560w\" sizes=\"100vw\" \/>\n\t\t\t<\/div>\n\t\t\t\t<figcaption class='wp-caption-text gallery-caption' id='gallery-1-57'>\n\t\t\t\tMoin Moin\n\t\t\t\t<\/figcaption><\/figure><figure class='gallery-item'>\n\t\t\t<div class='gallery-icon landscape'>\n\t\t\t\t<img loading=\"lazy\" decoding=\"async\" width=\"300\" height=\"229\" src=\"https:\/\/elbgraphik.de\/wordpress\/wp-content\/uploads\/2014\/07\/wann-sehen-wir-uns-wieder-300x229.jpg\" class=\"attachment-medium size-medium\" alt=\"\" aria-describedby=\"gallery-1-60\" srcset=\"https:\/\/elbgraphik.de\/wordpress\/wp-content\/uploads\/2014\/07\/wann-sehen-wir-uns-wieder-300x229.jpg 300w, https:\/\/elbgraphik.de\/wordpress\/wp-content\/uploads\/2014\/07\/wann-sehen-wir-uns-wieder-1024x782.jpg 1024w, https:\/\/elbgraphik.de\/wordpress\/wp-content\/uploads\/2014\/07\/wann-sehen-wir-uns-wieder-1560x1192.jpg 1560w\" sizes=\"100vw\" \/>\n\t\t\t<\/div>\n\t\t\t\t<figcaption class='wp-caption-text gallery-caption' id='gallery-1-60'>\n\t\t\t\twann sehen wir uns\n\t\t\t\t<\/figcaption><\/figure><figure class='gallery-item'>\n\t\t\t<div class='gallery-icon landscape'>\n\t\t\t\t<img loading=\"lazy\" decoding=\"async\" width=\"300\" height=\"176\" src=\"https:\/\/elbgraphik.de\/wordpress\/wp-content\/uploads\/2014\/07\/denn-das-Gl\u00fcck-s-300x176.jpg\" class=\"attachment-medium size-medium\" alt=\"\" aria-describedby=\"gallery-1-50\" srcset=\"https:\/\/elbgraphik.de\/wordpress\/wp-content\/uploads\/2014\/07\/denn-das-Gl\u00fcck-s-300x176.jpg 300w, https:\/\/elbgraphik.de\/wordpress\/wp-content\/uploads\/2014\/07\/denn-das-Gl\u00fcck-s-1024x603.jpg 1024w, https:\/\/elbgraphik.de\/wordpress\/wp-content\/uploads\/2014\/07\/denn-das-Gl\u00fcck-s-1560x918.jpg 1560w\" sizes=\"100vw\" \/>\n\t\t\t<\/div>\n\t\t\t\t<figcaption class='wp-caption-text gallery-caption' id='gallery-1-50'>\n\t\t\t\tGl\u00fcck\n\t\t\t\t<\/figcaption><\/figure><figure class='gallery-item'>\n\t\t\t<div class='gallery-icon landscape'>\n\t\t\t\t<img loading=\"lazy\" decoding=\"async\" width=\"300\" height=\"229\" src=\"https:\/\/elbgraphik.de\/wordpress\/wp-content\/uploads\/2014\/07\/Erinnerungen-300x229.jpg\" class=\"attachment-medium size-medium\" alt=\"\" aria-describedby=\"gallery-1-51\" srcset=\"https:\/\/elbgraphik.de\/wordpress\/wp-content\/uploads\/2014\/07\/Erinnerungen-300x229.jpg 300w, https:\/\/elbgraphik.de\/wordpress\/wp-content\/uploads\/2014\/07\/Erinnerungen-1024x782.jpg 1024w, https:\/\/elbgraphik.de\/wordpress\/wp-content\/uploads\/2014\/07\/Erinnerungen-1560x1192.jpg 1560w\" sizes=\"100vw\" \/>\n\t\t\t<\/div>\n\t\t\t\t<figcaption class='wp-caption-text gallery-caption' id='gallery-1-51'>\n\t\t\t\tErinnerungen sind nicht verg\u00e4nglich\n\t\t\t\t<\/figcaption><\/figure><figure class='gallery-item'>\n\t\t\t<div class='gallery-icon landscape'>\n\t\t\t\t<img loading=\"lazy\" decoding=\"async\" width=\"300\" height=\"177\" src=\"https:\/\/elbgraphik.de\/wordpress\/wp-content\/uploads\/2014\/07\/ganz-liebe-Gr\u00fc\u00dfe-s-300x177.jpg\" class=\"attachment-medium size-medium\" alt=\"\" aria-describedby=\"gallery-1-63\" srcset=\"https:\/\/elbgraphik.de\/wordpress\/wp-content\/uploads\/2014\/07\/ganz-liebe-Gr\u00fc\u00dfe-s-300x177.jpg 300w, https:\/\/elbgraphik.de\/wordpress\/wp-content\/uploads\/2014\/07\/ganz-liebe-Gr\u00fc\u00dfe-s-1024x604.jpg 1024w, https:\/\/elbgraphik.de\/wordpress\/wp-content\/uploads\/2014\/07\/ganz-liebe-Gr\u00fc\u00dfe-s-1560x920.jpg 1560w\" sizes=\"100vw\" \/>\n\t\t\t<\/div>\n\t\t\t\t<figcaption class='wp-caption-text gallery-caption' id='gallery-1-63'>\n\t\t\t\tganz herzliche Gr\u00fc\u00dfe\n\t\t\t\t<\/figcaption><\/figure><figure class='gallery-item'>\n\t\t\t<div class='gallery-icon landscape'>\n\t\t\t\t<img loading=\"lazy\" decoding=\"async\" width=\"300\" height=\"229\" src=\"https:\/\/elbgraphik.de\/wordpress\/wp-content\/uploads\/2014\/07\/sch\u00f6ne-Gr\u00fc\u00dfe-300x229.jpg\" class=\"attachment-medium size-medium\" alt=\"\" aria-describedby=\"gallery-1-59\" srcset=\"https:\/\/elbgraphik.de\/wordpress\/wp-content\/uploads\/2014\/07\/sch\u00f6ne-Gr\u00fc\u00dfe-300x229.jpg 300w, https:\/\/elbgraphik.de\/wordpress\/wp-content\/uploads\/2014\/07\/sch\u00f6ne-Gr\u00fc\u00dfe-1024x782.jpg 1024w, https:\/\/elbgraphik.de\/wordpress\/wp-content\/uploads\/2014\/07\/sch\u00f6ne-Gr\u00fc\u00dfe-1560x1192.jpg 1560w\" sizes=\"100vw\" \/>\n\t\t\t<\/div>\n\t\t\t\t<figcaption class='wp-caption-text gallery-caption' id='gallery-1-59'>\n\t\t\t\tSch\u00f6ne Gr\u00fc\u00dfe\n\t\t\t\t<\/figcaption><\/figure><figure class='gallery-item'>\n\t\t\t<div class='gallery-icon landscape'>\n\t\t\t\t<img loading=\"lazy\" decoding=\"async\" width=\"300\" height=\"229\" src=\"https:\/\/elbgraphik.de\/wordpress\/wp-content\/uploads\/2014\/07\/Zweck-des-Lebens-300x229.jpg\" class=\"attachment-medium size-medium\" alt=\"\" aria-describedby=\"gallery-1-61\" srcset=\"https:\/\/elbgraphik.de\/wordpress\/wp-content\/uploads\/2014\/07\/Zweck-des-Lebens-300x229.jpg 300w, https:\/\/elbgraphik.de\/wordpress\/wp-content\/uploads\/2014\/07\/Zweck-des-Lebens-1024x782.jpg 1024w, https:\/\/elbgraphik.de\/wordpress\/wp-content\/uploads\/2014\/07\/Zweck-des-Lebens-1560x1192.jpg 1560w\" sizes=\"100vw\" \/>\n\t\t\t<\/div>\n\t\t\t\t<figcaption class='wp-caption-text gallery-caption' id='gallery-1-61'>\n\t\t\t\tZweck des Lebens\n\t\t\t\t<\/figcaption><\/figure><figure class='gallery-item'>\n\t\t\t<div class='gallery-icon landscape'>\n\t\t\t\t<img loading=\"lazy\" decoding=\"async\" width=\"300\" height=\"176\" src=\"https:\/\/elbgraphik.de\/wordpress\/wp-content\/uploads\/2014\/07\/hier-kommen-ganz-s-300x176.jpg\" class=\"attachment-medium size-medium\" alt=\"\" aria-describedby=\"gallery-1-64\" srcset=\"https:\/\/elbgraphik.de\/wordpress\/wp-content\/uploads\/2014\/07\/hier-kommen-ganz-s-300x176.jpg 300w, https:\/\/elbgraphik.de\/wordpress\/wp-content\/uploads\/2014\/07\/hier-kommen-ganz-s-1024x603.jpg 1024w, https:\/\/elbgraphik.de\/wordpress\/wp-content\/uploads\/2014\/07\/hier-kommen-ganz-s-1560x918.jpg 1560w\" sizes=\"100vw\" \/>\n\t\t\t<\/div>\n\t\t\t\t<figcaption class='wp-caption-text gallery-caption' id='gallery-1-64'>\n\t\t\t\tHier kommen ganz liebe Gr\u00fc\u00dfe\n\t\t\t\t<\/figcaption><\/figure><figure class='gallery-item'>\n\t\t\t<div class='gallery-icon landscape'>\n\t\t\t\t<img loading=\"lazy\" decoding=\"async\" width=\"300\" height=\"214\" src=\"https:\/\/elbgraphik.de\/wordpress\/wp-content\/uploads\/Postkarte-DinA6-FroheOstern-300x214.jpg\" class=\"attachment-medium size-medium\" alt=\"\" aria-describedby=\"gallery-1-704\" srcset=\"https:\/\/elbgraphik.de\/wordpress\/wp-content\/uploads\/Postkarte-DinA6-FroheOstern-300x214.jpg 300w, https:\/\/elbgraphik.de\/wordpress\/wp-content\/uploads\/Postkarte-DinA6-FroheOstern-768x548.jpg 768w, https:\/\/elbgraphik.de\/wordpress\/wp-content\/uploads\/Postkarte-DinA6-FroheOstern-1024x730.jpg 1024w, https:\/\/elbgraphik.de\/wordpress\/wp-content\/uploads\/Postkarte-DinA6-FroheOstern.jpg 1772w\" sizes=\"100vw\" \/>\n\t\t\t<\/div>\n\t\t\t\t<figcaption class='wp-caption-text gallery-caption' id='gallery-1-704'>\n\t\t\t\tOstergr\u00fc\u00dfe\n\t\t\t\t<\/figcaption><\/figure>\n\t\t<\/div>\n\n<hr \/>\n<h6><\/h6>\n","protected":false},"excerpt":{"rendered":"<p>Es gibt eine begrenzte Auflage von 100 St\u00fcck. Die Postkarten sind auf 300 gr. starkem Papier gedruckt &amp; beidseitig gestaltet. Eine Postkarte kostet 1,70\u20ac Mindestbestellwert 15,00\u20ac zzgl. Porto\/Versand 5,00\u20ac Selbstverst\u00e4ndlich k\u00f6nnen die Postkarten auch abgeholt werden.<\/p>\n","protected":false},"author":1,"featured_media":0,"parent":0,"menu_order":0,"comment_status":"closed","ping_status":"closed","template":"","meta":{"footnotes":""},"_links":{"self":[{"href":"https:\/\/elbgraphik.de\/wordpress\/wp-json\/wp\/v2\/pages\/47"}],"collection":[{"href":"https:\/\/elbgraphik.de\/wordpress\/wp-json\/wp\/v2\/pages"}],"about":[{"href":"https:\/\/elbgraphik.de\/wordpress\/wp-json\/wp\/v2\/types\/page"}],"author":[{"embeddable":true,"href":"https:\/\/elbgraphik.de\/wordpress\/wp-json\/wp\/v2\/users\/1"}],"replies":[{"embeddable":true,"href":"https:\/\/elbgraphik.de\/wordpress\/wp-json\/wp\/v2\/comments?post=47"}],"version-history":[{"count":23,"href":"https:\/\/elbgraphik.de\/wordpress\/wp-json\/wp\/v2\/pages\/47\/revisions"}],"predecessor-version":[{"id":739,"href":"https:\/\/elbgraphik.de\/wordpress\/wp-json\/wp\/v2\/pages\/47\/revisions\/739"}],"wp:attachment":[{"href":"https:\/\/elbgraphik.de\/wordpress\/wp-json\/wp\/v2\/media?parent=47"}],"curies":[{"name":"wp","href":"https:\/\/api.w.org\/{rel}","templated":true}]}}