{"id":594,"date":"2017-08-15T20:35:35","date_gmt":"2017-08-15T20:35:35","guid":{"rendered":"http:\/\/elbgraphik.de\/?page_id=594"},"modified":"2017-08-15T20:35:35","modified_gmt":"2017-08-15T20:35:35","slug":"zuhause","status":"publish","type":"page","link":"https:\/\/elbgraphik.de\/wordpress\/zuhause\/","title":{"rendered":"Zuhause"},"content":{"rendered":"<p>ZUHAUSE!<wbr \/>? &#8211; wo\/<wbr \/>was ist das?<\/p>\n<p><img loading=\"lazy\" decoding=\"async\" src=\"http:\/\/homepage.t-online.de\/extras\/public\/blog.cls?account_id=ATOIX0INE35A&amp;instance_id=25547&amp;action=getImage&amp;img_id=7d8a1e1bcde4795b04d7354b5fbbcf2f\" width=\"300\" height=\"200\" border=\"0\" \/><\/p>\n<p>&nbsp;<\/p>\n<p>Diese Frage ist wohl heute f\u00fcr viele schwer zu beantworten.<br \/>\nViele wissen bestimmt gar nicht, was das Wort ZUHAUSE wirklich bedeuten kann, aber viele werden gerade dieses so sch\u00f6ne Wort und seine Bedeutung vermissen, nicht immer freiwillig, aber manchmal gew\u00e4hlt, um zu \u00fcberleben.<br \/>\nKann man ohne _ZUHAUSE_ gut leben?<br \/>\nUnd wenn ja, wie?<br \/>\nAm Besten, wenn das ZUHAUSE ganz tief in einem drin ist, egal, wo man ist, aber das hat auch etwas mit Zufriedenheit zu tun und dieses Wort wirft wieder ganz neue Fragen auf.<wbr \/>.<wbr \/>.<wbr \/>, z.<wbr \/>B. &#8222;was ist das, _Zufriedenheit_?<\/p>\n<p>F\u00e4ngt beides \u00fcbrigens mit _Z_ an.<wbr \/>.<wbr \/>.<wbr \/>.<\/p>\n","protected":false},"excerpt":{"rendered":"<p>ZUHAUSE!? &#8211; wo\/was ist das? &nbsp; Diese Frage ist wohl heute f\u00fcr viele schwer zu beantworten. Viele wissen bestimmt gar nicht, was das Wort ZUHAUSE wirklich bedeuten kann, aber viele werden gerade dieses so sch\u00f6ne Wort und seine Bedeutung vermissen, nicht immer freiwillig, aber manchmal gew\u00e4hlt, um zu \u00fcberleben. Kann man ohne _ZUHAUSE_ gut leben? &hellip; <\/p>\n<p class=\"link-more\"><a href=\"https:\/\/elbgraphik.de\/wordpress\/zuhause\/\" class=\"more-link\"><span class=\"screen-reader-text\">\u201eZuhause\u201c<\/span> weiterlesen<\/a><\/p>\n","protected":false},"author":1,"featured_media":0,"parent":0,"menu_order":0,"comment_status":"closed","ping_status":"closed","template":"","meta":{"footnotes":""},"_links":{"self":[{"href":"https:\/\/elbgraphik.de\/wordpress\/wp-json\/wp\/v2\/pages\/594"}],"collection":[{"href":"https:\/\/elbgraphik.de\/wordpress\/wp-json\/wp\/v2\/pages"}],"about":[{"href":"https:\/\/elbgraphik.de\/wordpress\/wp-json\/wp\/v2\/types\/page"}],"author":[{"embeddable":true,"href":"https:\/\/elbgraphik.de\/wordpress\/wp-json\/wp\/v2\/users\/1"}],"replies":[{"embeddable":true,"href":"https:\/\/elbgraphik.de\/wordpress\/wp-json\/wp\/v2\/comments?post=594"}],"version-history":[{"count":2,"href":"https:\/\/elbgraphik.de\/wordpress\/wp-json\/wp\/v2\/pages\/594\/revisions"}],"predecessor-version":[{"id":641,"href":"https:\/\/elbgraphik.de\/wordpress\/wp-json\/wp\/v2\/pages\/594\/revisions\/641"}],"wp:attachment":[{"href":"https:\/\/elbgraphik.de\/wordpress\/wp-json\/wp\/v2\/media?parent=594"}],"curies":[{"name":"wp","href":"https:\/\/api.w.org\/{rel}","templated":true}]}}