{"id":597,"date":"2017-08-15T20:37:03","date_gmt":"2017-08-15T20:37:03","guid":{"rendered":"http:\/\/elbgraphik.de\/?page_id=597"},"modified":"2017-08-15T20:37:03","modified_gmt":"2017-08-15T20:37:03","slug":"zufriedenheit","status":"publish","type":"page","link":"https:\/\/elbgraphik.de\/wordpress\/zufriedenheit\/","title":{"rendered":"Zufriedenheit"},"content":{"rendered":"<p>&nbsp;<\/p>\n<p><img loading=\"lazy\" decoding=\"async\" src=\"http:\/\/homepage.t-online.de\/extras\/public\/blog.cls?account_id=ATOIX0INE35A&amp;instance_id=25547&amp;action=getImage&amp;img_id=cd470bba1ce85eedf8048abff7e68160\" width=\"300\" height=\"225\" border=\"0\" \/><\/p>\n<p>Kennst du dieses innere wohlige Gef\u00fchl oder ist es lediglich eine Reaktion auf Konsumterror, bzw. einen hohen materiellen Besitzstand?<br \/>\nIn Bhutan ermittelt eine staatliche Kommission f\u00fcr das _BRUTTONATIONALGL\u00dcCK_ regelm\u00e4\u00dfig die Zufriedenheit der Bev\u00f6lkerung. Die vier Kriterienfelder des Bruttonationalgl\u00fccks sind<br \/>\n&#8211;<wbr \/>eine sozial gerechte Gesellschafts- &amp; Wirtschaftsentwicklung,<br \/>\n&#8211;<wbr \/>die F\u00f6rderung kultureller Werte,<br \/>\n&#8211;<wbr \/>der Umweltschutz sowie<br \/>\n&#8211;<wbr \/>gute Verwaltungsstrukturen.<br \/>\nEs wird dar\u00fcber diskutiert, der Steigerung des Bruttonationalgl\u00fccks Verfassungsrang zu geben.<br \/>\nDas w\u00e4re doch auch f\u00fcr uns eine gute Politik, aber wohl auch wieder viel zu anstrengend, oder?<\/p>\n","protected":false},"excerpt":{"rendered":"<p>&nbsp; Kennst du dieses innere wohlige Gef\u00fchl oder ist es lediglich eine Reaktion auf Konsumterror, bzw. einen hohen materiellen Besitzstand? In Bhutan ermittelt eine staatliche Kommission f\u00fcr das _BRUTTONATIONALGL\u00dcCK_ regelm\u00e4\u00dfig die Zufriedenheit der Bev\u00f6lkerung. Die vier Kriterienfelder des Bruttonationalgl\u00fccks sind &#8211;eine sozial gerechte Gesellschafts- &amp; Wirtschaftsentwicklung, &#8211;die F\u00f6rderung kultureller Werte, &#8211;der Umweltschutz sowie &#8211;gute Verwaltungsstrukturen. &hellip; <\/p>\n<p class=\"link-more\"><a href=\"https:\/\/elbgraphik.de\/wordpress\/zufriedenheit\/\" class=\"more-link\"><span class=\"screen-reader-text\">\u201eZufriedenheit\u201c<\/span> weiterlesen<\/a><\/p>\n","protected":false},"author":1,"featured_media":0,"parent":0,"menu_order":0,"comment_status":"closed","ping_status":"closed","template":"","meta":{"footnotes":""},"_links":{"self":[{"href":"https:\/\/elbgraphik.de\/wordpress\/wp-json\/wp\/v2\/pages\/597"}],"collection":[{"href":"https:\/\/elbgraphik.de\/wordpress\/wp-json\/wp\/v2\/pages"}],"about":[{"href":"https:\/\/elbgraphik.de\/wordpress\/wp-json\/wp\/v2\/types\/page"}],"author":[{"embeddable":true,"href":"https:\/\/elbgraphik.de\/wordpress\/wp-json\/wp\/v2\/users\/1"}],"replies":[{"embeddable":true,"href":"https:\/\/elbgraphik.de\/wordpress\/wp-json\/wp\/v2\/comments?post=597"}],"version-history":[{"count":1,"href":"https:\/\/elbgraphik.de\/wordpress\/wp-json\/wp\/v2\/pages\/597\/revisions"}],"predecessor-version":[{"id":598,"href":"https:\/\/elbgraphik.de\/wordpress\/wp-json\/wp\/v2\/pages\/597\/revisions\/598"}],"wp:attachment":[{"href":"https:\/\/elbgraphik.de\/wordpress\/wp-json\/wp\/v2\/media?parent=597"}],"curies":[{"name":"wp","href":"https:\/\/api.w.org\/{rel}","templated":true}]}}